{"id":1136,"date":"2025-10-08T23:56:05","date_gmt":"2025-10-08T21:56:05","guid":{"rendered":"https:\/\/www.superproduccions.com\/coordinadoradentitatspelteatrearnau\/?page_id=1136"},"modified":"2025-10-09T00:50:15","modified_gmt":"2025-10-08T22:50:15","slug":"linies-de-treball","status":"publish","type":"page","link":"https:\/\/coordinadoradentitatspelteatrearnau.com\/?page_id=1136","title":{"rendered":"L\u00cdNIES DE TREBALL"},"content":{"rendered":"\t\t<div data-elementor-type=\"wp-post\" data-elementor-id=\"1136\" class=\"elementor elementor-1136\" data-elementor-post-type=\"page\">\n\t\t\t\t<div class=\"elementor-element elementor-element-6a21f72 e-flex e-con-boxed e-con e-parent\" data-id=\"6a21f72\" data-element_type=\"container\" data-e-type=\"container\">\n\t\t\t\t\t<div class=\"e-con-inner\">\n\t\t\t\t<div class=\"elementor-element elementor-element-7f0762c elementor-widget elementor-widget-heading\" data-id=\"7f0762c\" data-element_type=\"widget\" data-e-type=\"widget\" data-widget_type=\"heading.default\">\n\t\t\t\t<div class=\"elementor-widget-container\">\n\t\t\t\t\t<h3 class=\"elementor-heading-title elementor-size-default\">Cultura i gesti\u00f3 comunit\u00e0ria<\/h3>\t\t\t\t<\/div>\n\t\t\t\t<\/div>\n\t\t\t\t\t<\/div>\n\t\t\t\t<\/div>\n\t\t<div class=\"elementor-element elementor-element-4f73b11 e-flex e-con-boxed e-con e-parent\" data-id=\"4f73b11\" data-element_type=\"container\" data-e-type=\"container\">\n\t\t\t\t\t<div class=\"e-con-inner\">\n\t\t\t\t<div class=\"elementor-element elementor-element-b81da92 elementor-widget elementor-widget-heading\" data-id=\"b81da92\" data-element_type=\"widget\" data-e-type=\"widget\" data-widget_type=\"heading.default\">\n\t\t\t\t<div class=\"elementor-widget-container\">\n\t\t\t\t\t<h1 class=\"elementor-heading-title elementor-size-default\">L\u00cdNIES DE TREBALL<\/h1>\t\t\t\t<\/div>\n\t\t\t\t<\/div>\n\t\t\t\t\t<\/div>\n\t\t\t\t<\/div>\n\t\t<div class=\"elementor-element elementor-element-22ab7a3 e-flex e-con-boxed e-con e-parent\" data-id=\"22ab7a3\" data-element_type=\"container\" data-e-type=\"container\">\n\t\t\t\t\t<div class=\"e-con-inner\">\n\t\t<div class=\"elementor-element elementor-element-102e529 e-con-full e-flex e-con e-child\" data-id=\"102e529\" data-element_type=\"container\" data-e-type=\"container\">\n\t\t\t\t<div class=\"elementor-element elementor-element-8f76029 elementor-widget elementor-widget-image\" data-id=\"8f76029\" data-element_type=\"widget\" data-e-type=\"widget\" data-widget_type=\"image.default\">\n\t\t\t\t<div class=\"elementor-widget-container\">\n\t\t\t\t\t\t\t\t\t\t\t\t\t\t\t<img fetchpriority=\"high\" decoding=\"async\" width=\"800\" height=\"534\" src=\"https:\/\/coordinadoradentitatspelteatrearnau.com\/wp-content\/uploads\/2025\/10\/ARts-vives-eixos-1024x683.jpg\" class=\"attachment-large size-large wp-image-1172\" alt=\"\" srcset=\"https:\/\/coordinadoradentitatspelteatrearnau.com\/wp-content\/uploads\/2025\/10\/ARts-vives-eixos-1024x683.jpg 1024w, https:\/\/coordinadoradentitatspelteatrearnau.com\/wp-content\/uploads\/2025\/10\/ARts-vives-eixos-300x200.jpg 300w, https:\/\/coordinadoradentitatspelteatrearnau.com\/wp-content\/uploads\/2025\/10\/ARts-vives-eixos-768x512.jpg 768w, https:\/\/coordinadoradentitatspelteatrearnau.com\/wp-content\/uploads\/2025\/10\/ARts-vives-eixos.jpg 1200w\" sizes=\"(max-width: 800px) 100vw, 800px\" \/>\t\t\t\t\t\t\t\t\t\t\t\t\t\t\t<\/div>\n\t\t\t\t<\/div>\n\t\t\t\t<\/div>\n\t\t<div class=\"elementor-element elementor-element-4ecab0f e-con-full e-flex e-con e-child\" data-id=\"4ecab0f\" data-element_type=\"container\" data-e-type=\"container\">\n\t\t\t\t<div class=\"elementor-element elementor-element-4d3836f elementor-widget elementor-widget-text-editor\" data-id=\"4d3836f\" data-element_type=\"widget\" data-e-type=\"widget\" data-widget_type=\"text-editor.default\">\n\t\t\t\t<div class=\"elementor-widget-container\">\n\t\t\t\t\t\t\t\t\t<h5 class=\"p1\"><span class=\"s1\"><b>1.Arts vives com a espais d\u2019experimentaci\u00f3 pol\u00edtica i de generaci\u00f3 d\u2019imaginaris, s\u00edmbols, narratives i dispositius esc\u00e8nics diversos<\/b><\/span><\/h5><p class=\"p1\"><span class=\"s1\">Recull el llegat i la pluralitat de tipologies, formats i registres art\u00edstics que va tenir l\u2019Arnau des dels seus inicis, des de les pr\u00e0ctiques art\u00edstiques pr\u00f2pies dels tres barris fins a les m\u00e9s contempor\u00e0nies, aix\u00ed com l\u2019aposta per a la inclusi\u00f3, l\u2019experimentaci\u00f3 i la interculturalitat.<\/span><\/p>\t\t\t\t\t\t\t\t<\/div>\n\t\t\t\t<\/div>\n\t\t\t\t<\/div>\n\t\t\t\t\t<\/div>\n\t\t\t\t<\/div>\n\t\t<div class=\"elementor-element elementor-element-bd3526c e-flex e-con-boxed e-con e-parent\" data-id=\"bd3526c\" data-element_type=\"container\" data-e-type=\"container\">\n\t\t\t\t\t<div class=\"e-con-inner\">\n\t\t\t\t<div class=\"elementor-element elementor-element-487328e elementor-widget-divider--view-line elementor-widget elementor-widget-divider\" data-id=\"487328e\" data-element_type=\"widget\" data-e-type=\"widget\" data-widget_type=\"divider.default\">\n\t\t\t\t<div class=\"elementor-widget-container\">\n\t\t\t\t\t\t\t<div class=\"elementor-divider\">\n\t\t\t<span class=\"elementor-divider-separator\">\n\t\t\t\t\t\t<\/span>\n\t\t<\/div>\n\t\t\t\t\t\t<\/div>\n\t\t\t\t<\/div>\n\t\t\t\t\t<\/div>\n\t\t\t\t<\/div>\n\t\t<div class=\"elementor-element elementor-element-58cf73c e-flex e-con-boxed e-con e-parent\" data-id=\"58cf73c\" data-element_type=\"container\" data-e-type=\"container\">\n\t\t\t\t\t<div class=\"e-con-inner\">\n\t\t<div class=\"elementor-element elementor-element-4abd47e e-con-full e-flex e-con e-child\" data-id=\"4abd47e\" data-element_type=\"container\" data-e-type=\"container\">\n\t\t\t\t<div class=\"elementor-element elementor-element-097cd89 elementor-widget elementor-widget-image\" data-id=\"097cd89\" data-element_type=\"widget\" data-e-type=\"widget\" data-widget_type=\"image.default\">\n\t\t\t\t<div class=\"elementor-widget-container\">\n\t\t\t\t\t\t\t\t\t\t\t\t\t\t\t<img decoding=\"async\" width=\"800\" height=\"600\" src=\"https:\/\/coordinadoradentitatspelteatrearnau.com\/wp-content\/uploads\/2025\/10\/Eix-comunitat-_ASSEMBLEA-ARNAU--1024x768.jpg\" class=\"attachment-large size-large wp-image-1174\" alt=\"\" srcset=\"https:\/\/coordinadoradentitatspelteatrearnau.com\/wp-content\/uploads\/2025\/10\/Eix-comunitat-_ASSEMBLEA-ARNAU--1024x768.jpg 1024w, https:\/\/coordinadoradentitatspelteatrearnau.com\/wp-content\/uploads\/2025\/10\/Eix-comunitat-_ASSEMBLEA-ARNAU--300x225.jpg 300w, https:\/\/coordinadoradentitatspelteatrearnau.com\/wp-content\/uploads\/2025\/10\/Eix-comunitat-_ASSEMBLEA-ARNAU--768x576.jpg 768w, https:\/\/coordinadoradentitatspelteatrearnau.com\/wp-content\/uploads\/2025\/10\/Eix-comunitat-_ASSEMBLEA-ARNAU-.jpg 1200w\" sizes=\"(max-width: 800px) 100vw, 800px\" \/>\t\t\t\t\t\t\t\t\t\t\t\t\t\t\t<\/div>\n\t\t\t\t<\/div>\n\t\t\t\t<\/div>\n\t\t<div class=\"elementor-element elementor-element-43a45ca e-con-full e-flex e-con e-child\" data-id=\"43a45ca\" data-element_type=\"container\" data-e-type=\"container\">\n\t\t\t\t<div class=\"elementor-element elementor-element-86c0ab1 elementor-widget elementor-widget-text-editor\" data-id=\"86c0ab1\" data-element_type=\"widget\" data-e-type=\"widget\" data-widget_type=\"text-editor.default\">\n\t\t\t\t<div class=\"elementor-widget-container\">\n\t\t\t\t\t\t\t\t\t<h5 class=\"p1\"><span class=\"s1\"><b>2. La Comunitat al voltant del Teatre Arnau i el seu ecosistema<\/b><\/span><\/h5><p class=\"p1\"><span class=\"s1\">Quan ara fa tres anys arrencava el moviment ve\u00efnal i d\u2019entitats per tornar a obrir el Teatre Arnau, vam publicar un manifest que va rebre el suport <b>de 18 entitats i plataformes ve\u00efnals<\/b>, <b>9 gestores culturals<\/b>, <b>10 periodistes culturals<\/b>, <b>7 equipaments i sales<\/b>, <b>8 cooperatives socials i culturals<\/b>, <b>4 entitats de l\u2019\u00e0mbit acad\u00e8mic i administratiu<\/b> i <b>104 companyies i profes\u00adsionals de les arts esc\u00e8niques<\/b>.<\/span><\/p><p class=\"p1\"><span class=\"s1\">M\u00e9s endavant, entre el 2015 i 2016, les ve\u00efnes vam celebrar quatre gales per reivindicar el teatre a la pla\u00e7a Raquel Meller. Hi va participar, entre d\u2019altres, <b>una seixantena d\u2019artistes i professi\u00adonals de les arts esc\u00e8niques<\/b>. A aquesta mobilitzaci\u00f3 s\u2019ha sumat, tamb\u00e9, m\u00e9s d\u2019<b>una quarantena d\u2019artistes d\u2019arreu del m\u00f3n<\/b>, que han anat pintant el mur de la fa\u00e7ana de l\u2019antic teatre en el marc de la iniciativa <b>Arnau Gallery<\/b>,<span class=\"Apple-converted-space\">\u00a0 <\/span>I arribem al 2019. Mentre es duen a terme les obres de rehabilitaci\u00f3 del futur teatre, l\u2019Arnau Itinerant ja est\u00e0 en marxa. Al voltant dels projectes que estem gestant per aquest any s\u2019hi apleguen <b>entitats<\/b>, <b>ve\u00efnes i ve\u00efns<\/b>, <b>actrius i actors, personal t\u00e8cnic i pro\u00adfessionals esc\u00e8nics<\/b>. Despr\u00e9s del 2022, s\u2019inicia el proc\u00e9s de constituci\u00f3 de<b> la Coordinadora d\u2019Entitats pel Teatre Arnau, amb un ecosistema de 45 entitats i persones, i amb 7 temporades<\/b> de treball a partir del programa Teatre Arnau Itinerant. Tamb\u00e9 a partir de 2023 s\u2019impulsen programes i projectes m\u00e9s enll\u00e0 del programa Teatre Arnau Itinerant, amb recursos i accions d\u2019altres entitats i administracions per cultivar i eixamplar l\u2019ecosistema de la Coordinadora d\u2019Entitats<\/span><\/p>\t\t\t\t\t\t\t\t<\/div>\n\t\t\t\t<\/div>\n\t\t\t\t<\/div>\n\t\t\t\t\t<\/div>\n\t\t\t\t<\/div>\n\t\t<div class=\"elementor-element elementor-element-1371b8a e-flex e-con-boxed e-con e-parent\" data-id=\"1371b8a\" data-element_type=\"container\" data-e-type=\"container\">\n\t\t\t\t\t<div class=\"e-con-inner\">\n\t\t\t\t<div class=\"elementor-element elementor-element-eb0ef1e elementor-widget-divider--view-line elementor-widget elementor-widget-divider\" data-id=\"eb0ef1e\" data-element_type=\"widget\" data-e-type=\"widget\" data-widget_type=\"divider.default\">\n\t\t\t\t<div class=\"elementor-widget-container\">\n\t\t\t\t\t\t\t<div class=\"elementor-divider\">\n\t\t\t<span class=\"elementor-divider-separator\">\n\t\t\t\t\t\t<\/span>\n\t\t<\/div>\n\t\t\t\t\t\t<\/div>\n\t\t\t\t<\/div>\n\t\t\t\t\t<\/div>\n\t\t\t\t<\/div>\n\t\t<div class=\"elementor-element elementor-element-04517ed e-flex e-con-boxed e-con e-parent\" data-id=\"04517ed\" data-element_type=\"container\" data-e-type=\"container\">\n\t\t\t\t\t<div class=\"e-con-inner\">\n\t\t<div class=\"elementor-element elementor-element-36964c1 e-con-full e-flex e-con e-child\" data-id=\"36964c1\" data-element_type=\"container\" data-e-type=\"container\">\n\t\t\t\t<div class=\"elementor-element elementor-element-24cb462 elementor-widget elementor-widget-image\" data-id=\"24cb462\" data-element_type=\"widget\" data-e-type=\"widget\" data-widget_type=\"image.default\">\n\t\t\t\t<div class=\"elementor-widget-container\">\n\t\t\t\t\t\t\t\t\t\t\t\t\t\t\t<img decoding=\"async\" width=\"800\" height=\"534\" src=\"https:\/\/coordinadoradentitatspelteatrearnau.com\/wp-content\/uploads\/2025\/10\/eix-3-memories-_disseny-grafic-teatre-arnau-1024x683.jpg\" class=\"attachment-large size-large wp-image-1173\" alt=\"\" srcset=\"https:\/\/coordinadoradentitatspelteatrearnau.com\/wp-content\/uploads\/2025\/10\/eix-3-memories-_disseny-grafic-teatre-arnau-1024x683.jpg 1024w, https:\/\/coordinadoradentitatspelteatrearnau.com\/wp-content\/uploads\/2025\/10\/eix-3-memories-_disseny-grafic-teatre-arnau-300x200.jpg 300w, https:\/\/coordinadoradentitatspelteatrearnau.com\/wp-content\/uploads\/2025\/10\/eix-3-memories-_disseny-grafic-teatre-arnau-768x512.jpg 768w, https:\/\/coordinadoradentitatspelteatrearnau.com\/wp-content\/uploads\/2025\/10\/eix-3-memories-_disseny-grafic-teatre-arnau.jpg 1200w\" sizes=\"(max-width: 800px) 100vw, 800px\" \/>\t\t\t\t\t\t\t\t\t\t\t\t\t\t\t<\/div>\n\t\t\t\t<\/div>\n\t\t\t\t<\/div>\n\t\t<div class=\"elementor-element elementor-element-0180982 e-con-full e-flex e-con e-child\" data-id=\"0180982\" data-element_type=\"container\" data-e-type=\"container\">\n\t\t\t\t<div class=\"elementor-element elementor-element-29ee32d elementor-widget elementor-widget-text-editor\" data-id=\"29ee32d\" data-element_type=\"widget\" data-e-type=\"widget\" data-widget_type=\"text-editor.default\">\n\t\t\t\t<div class=\"elementor-widget-container\">\n\t\t\t\t\t\t\t\t\t<h5 class=\"p1\"><strong><span class=\"s1\">3. Mem\u00f2ries<\/span><\/strong><\/h5><p class=\"p1\"><span class=\"s1\">Mem\u00f2ries del Paral\u00b7lel i dels tres barris, considerant la mem\u00f2ria com un espai viu, comunitari i conflictiu. En aquest sentit, la mem\u00f2ria esdev\u00e9 viva tant a partir dels projectes del programa com de l&#8217;arxiu digital que est\u00e0 allotjat a la web de l\u2019Arnau.<\/span><\/p>\t\t\t\t\t\t\t\t<\/div>\n\t\t\t\t<\/div>\n\t\t\t\t<\/div>\n\t\t\t\t\t<\/div>\n\t\t\t\t<\/div>\n\t\t<div class=\"elementor-element elementor-element-0729b78 e-flex e-con-boxed e-con e-parent\" data-id=\"0729b78\" data-element_type=\"container\" data-e-type=\"container\">\n\t\t\t\t\t<div class=\"e-con-inner\">\n\t\t\t\t<div class=\"elementor-element elementor-element-a591823 elementor-widget elementor-widget-spacer\" data-id=\"a591823\" data-element_type=\"widget\" data-e-type=\"widget\" data-widget_type=\"spacer.default\">\n\t\t\t\t<div class=\"elementor-widget-container\">\n\t\t\t\t\t\t\t<div class=\"elementor-spacer\">\n\t\t\t<div class=\"elementor-spacer-inner\"><\/div>\n\t\t<\/div>\n\t\t\t\t\t\t<\/div>\n\t\t\t\t<\/div>\n\t\t\t\t\t<\/div>\n\t\t\t\t<\/div>\n\t\t<div class=\"elementor-element elementor-element-d01e557 e-flex e-con-boxed e-con e-parent\" data-id=\"d01e557\" data-element_type=\"container\" data-e-type=\"container\" data-settings=\"{&quot;background_background&quot;:&quot;classic&quot;}\">\n\t\t\t\t\t<div class=\"e-con-inner\">\n\t\t\t\t<div class=\"elementor-element elementor-element-84cfcbd elementor-widget elementor-widget-heading\" data-id=\"84cfcbd\" data-element_type=\"widget\" data-e-type=\"widget\" data-widget_type=\"heading.default\">\n\t\t\t\t<div class=\"elementor-widget-container\">\n\t\t\t\t\t<h3 class=\"elementor-heading-title elementor-size-default\">Col.laborem i fem xarxa<\/h3>\t\t\t\t<\/div>\n\t\t\t\t<\/div>\n\t\t\t\t\t<\/div>\n\t\t\t\t<\/div>\n\t\t<div class=\"elementor-element elementor-element-f642ffd e-flex e-con-boxed e-con e-parent\" data-id=\"f642ffd\" data-element_type=\"container\" data-e-type=\"container\" data-settings=\"{&quot;background_background&quot;:&quot;classic&quot;}\">\n\t\t\t\t\t<div class=\"e-con-inner\">\n\t\t\t\t<div class=\"elementor-element elementor-element-7b8f258 elementor-widget elementor-widget-spacer\" data-id=\"7b8f258\" data-element_type=\"widget\" data-e-type=\"widget\" data-widget_type=\"spacer.default\">\n\t\t\t\t<div class=\"elementor-widget-container\">\n\t\t\t\t\t\t\t<div class=\"elementor-spacer\">\n\t\t\t<div class=\"elementor-spacer-inner\"><\/div>\n\t\t<\/div>\n\t\t\t\t\t\t<\/div>\n\t\t\t\t<\/div>\n\t\t\t\t<div class=\"elementor-element elementor-element-4cb91d9 elementor-widget elementor-widget-image\" data-id=\"4cb91d9\" data-element_type=\"widget\" data-e-type=\"widget\" data-widget_type=\"image.default\">\n\t\t\t\t<div class=\"elementor-widget-container\">\n\t\t\t\t\t\t\t\t\t\t\t\t\t\t\t<img loading=\"lazy\" decoding=\"async\" width=\"1768\" height=\"136\" src=\"https:\/\/coordinadoradentitatspelteatrearnau.com\/wp-content\/uploads\/2025\/08\/Logos.jpg\" class=\"attachment-full size-full wp-image-1104\" alt=\"\" srcset=\"https:\/\/coordinadoradentitatspelteatrearnau.com\/wp-content\/uploads\/2025\/08\/Logos.jpg 1768w, https:\/\/coordinadoradentitatspelteatrearnau.com\/wp-content\/uploads\/2025\/08\/Logos-300x23.jpg 300w, https:\/\/coordinadoradentitatspelteatrearnau.com\/wp-content\/uploads\/2025\/08\/Logos-1024x79.jpg 1024w, https:\/\/coordinadoradentitatspelteatrearnau.com\/wp-content\/uploads\/2025\/08\/Logos-768x59.jpg 768w, https:\/\/coordinadoradentitatspelteatrearnau.com\/wp-content\/uploads\/2025\/08\/Logos-1536x118.jpg 1536w\" sizes=\"(max-width: 1768px) 100vw, 1768px\" \/>\t\t\t\t\t\t\t\t\t\t\t\t\t\t\t<\/div>\n\t\t\t\t<\/div>\n\t\t\t\t<div class=\"elementor-element elementor-element-ed143dc elementor-widget elementor-widget-spacer\" data-id=\"ed143dc\" data-element_type=\"widget\" data-e-type=\"widget\" data-widget_type=\"spacer.default\">\n\t\t\t\t<div class=\"elementor-widget-container\">\n\t\t\t\t\t\t\t<div class=\"elementor-spacer\">\n\t\t\t<div class=\"elementor-spacer-inner\"><\/div>\n\t\t<\/div>\n\t\t\t\t\t\t<\/div>\n\t\t\t\t<\/div>\n\t\t\t\t\t<\/div>\n\t\t\t\t<\/div>\n\t\t<div class=\"elementor-element elementor-element-f4954e8 e-flex e-con-boxed e-con e-parent\" data-id=\"f4954e8\" data-element_type=\"container\" data-e-type=\"container\">\n\t\t\t\t\t<div class=\"e-con-inner\">\n\t\t\t\t<div class=\"elementor-element elementor-element-7db6e6c elementor-widget elementor-widget-heading\" data-id=\"7db6e6c\" data-element_type=\"widget\" data-e-type=\"widget\" data-widget_type=\"heading.default\">\n\t\t\t\t<div class=\"elementor-widget-container\">\n\t\t\t\t\t<h3 class=\"elementor-heading-title elementor-size-default\">UNEIX-TE\n<\/h3>\t\t\t\t<\/div>\n\t\t\t\t<\/div>\n\t\t\t\t<div class=\"elementor-element elementor-element-7de3672 elementor-widget elementor-widget-text-editor\" data-id=\"7de3672\" data-element_type=\"widget\" data-e-type=\"widget\" data-widget_type=\"text-editor.default\">\n\t\t\t\t<div class=\"elementor-widget-container\">\n\t\t\t\t\t\t\t\t\t<p>Si vols ser part, contacta amb nosaltres, vine a les assemblees o espais de treball, i participa en les nostres activitats.<\/p>\t\t\t\t\t\t\t\t<\/div>\n\t\t\t\t<\/div>\n\t\t\t\t\t<\/div>\n\t\t\t\t<\/div>\n\t\t<div class=\"elementor-element elementor-element-5708706 e-flex e-con-boxed e-con e-parent\" data-id=\"5708706\" data-element_type=\"container\" data-e-type=\"container\" data-settings=\"{&quot;background_background&quot;:&quot;classic&quot;}\">\n\t\t\t\t\t<div class=\"e-con-inner\">\n\t\t<div class=\"elementor-element elementor-element-2b2e22a e-con-full e-flex e-con e-child\" data-id=\"2b2e22a\" data-element_type=\"container\" data-e-type=\"container\">\n\t\t\t\t<div class=\"elementor-element elementor-element-70134b7 elementor-widget elementor-widget-text-editor\" data-id=\"70134b7\" data-element_type=\"widget\" data-e-type=\"widget\" data-widget_type=\"text-editor.default\">\n\t\t\t\t<div class=\"elementor-widget-container\">\n\t\t\t\t\t\t\t\t\t<p>contacte: <a href=\"mailto:arnauitinerant@gmail.com\">arnauitinerant@gmail.com<\/a><\/p>\t\t\t\t\t\t\t\t<\/div>\n\t\t\t\t<\/div>\n\t\t\t\t<\/div>\n\t\t<div class=\"elementor-element elementor-element-faedd10 e-con-full e-flex e-con e-child\" data-id=\"faedd10\" data-element_type=\"container\" data-e-type=\"container\">\n\t\t\t\t<div class=\"elementor-element elementor-element-9622ee3 elementor-shape-circle e-grid-align-left elementor-grid-0 elementor-widget elementor-widget-social-icons\" data-id=\"9622ee3\" data-element_type=\"widget\" data-e-type=\"widget\" data-widget_type=\"social-icons.default\">\n\t\t\t\t<div class=\"elementor-widget-container\">\n\t\t\t\t\t\t\t<div class=\"elementor-social-icons-wrapper elementor-grid\" role=\"list\">\n\t\t\t\t\t\t\t<span class=\"elementor-grid-item\" role=\"listitem\">\n\t\t\t\t\t<a class=\"elementor-icon elementor-social-icon elementor-social-icon-envelope elementor-repeater-item-cf0c9ac\" href=\"mailto:arnauitinerant@gmail.com\" target=\"_blank\">\n\t\t\t\t\t\t<span class=\"elementor-screen-only\">Envelope<\/span>\n\t\t\t\t\t\t<i aria-hidden=\"true\" class=\"fas fa-envelope\"><\/i>\t\t\t\t\t<\/a>\n\t\t\t\t<\/span>\n\t\t\t\t\t\t\t<span class=\"elementor-grid-item\" role=\"listitem\">\n\t\t\t\t\t<a class=\"elementor-icon elementor-social-icon elementor-social-icon-instagram elementor-repeater-item-de2a534\" href=\"https:\/\/www.instagram.com\/teatrearnauitinerant_coordi\/\" target=\"_blank\">\n\t\t\t\t\t\t<span class=\"elementor-screen-only\">Instagram<\/span>\n\t\t\t\t\t\t<i aria-hidden=\"true\" class=\"fab fa-instagram\"><\/i>\t\t\t\t\t<\/a>\n\t\t\t\t<\/span>\n\t\t\t\t\t\t\t<span class=\"elementor-grid-item\" role=\"listitem\">\n\t\t\t\t\t<a class=\"elementor-icon elementor-social-icon elementor-social-icon-facebook elementor-repeater-item-eaede2b\" href=\"https:\/\/www.facebook.com\/ArnauItinerant\" target=\"_blank\">\n\t\t\t\t\t\t<span class=\"elementor-screen-only\">Facebook<\/span>\n\t\t\t\t\t\t<i aria-hidden=\"true\" class=\"fab fa-facebook\"><\/i>\t\t\t\t\t<\/a>\n\t\t\t\t<\/span>\n\t\t\t\t\t\t\t<span class=\"elementor-grid-item\" role=\"listitem\">\n\t\t\t\t\t<a class=\"elementor-icon elementor-social-icon elementor-social-icon-youtube elementor-repeater-item-f656b38\" href=\"https:\/\/www.youtube.com\/@arnauitinerant4290\" target=\"_blank\">\n\t\t\t\t\t\t<span class=\"elementor-screen-only\">Youtube<\/span>\n\t\t\t\t\t\t<i aria-hidden=\"true\" class=\"fab fa-youtube\"><\/i>\t\t\t\t\t<\/a>\n\t\t\t\t<\/span>\n\t\t\t\t\t\t\t<span class=\"elementor-grid-item\" role=\"listitem\">\n\t\t\t\t\t<a class=\"elementor-icon elementor-social-icon elementor-social-icon-mastodon elementor-repeater-item-38ea242\" href=\"https:\/\/social.barcelona\/@ArnauItinerant\" target=\"_blank\">\n\t\t\t\t\t\t<span class=\"elementor-screen-only\">Mastodon<\/span>\n\t\t\t\t\t\t<i aria-hidden=\"true\" class=\"fab fa-mastodon\"><\/i>\t\t\t\t\t<\/a>\n\t\t\t\t<\/span>\n\t\t\t\t\t<\/div>\n\t\t\t\t\t\t<\/div>\n\t\t\t\t<\/div>\n\t\t\t\t<\/div>\n\t\t\t\t\t<\/div>\n\t\t\t\t<\/div>\n\t\t\t\t<\/div>\n\t\t","protected":false},"excerpt":{"rendered":"<p>Cultura i gesti\u00f3 comunit\u00e0ria L\u00cdNIES DE TREBALL 1.Arts vives com a espais d\u2019experimentaci\u00f3 pol\u00edtica i de generaci\u00f3 d\u2019imaginaris, s\u00edmbols, narratives i dispositius esc\u00e8nics diversos Recull el llegat i la pluralitat de tipologies, formats i registres art\u00edstics que va tenir l\u2019Arnau des dels seus inicis, des de les pr\u00e0ctiques art\u00edstiques pr\u00f2pies dels tres barris fins a [&hellip;]<\/p>\n","protected":false},"author":1,"featured_media":0,"parent":9,"menu_order":0,"comment_status":"closed","ping_status":"closed","template":"elementor_header_footer","meta":{"footnotes":""},"class_list":["post-1136","page","type-page","status-publish","hentry"],"_links":{"self":[{"href":"https:\/\/coordinadoradentitatspelteatrearnau.com\/index.php?rest_route=\/wp\/v2\/pages\/1136","targetHints":{"allow":["GET"]}}],"collection":[{"href":"https:\/\/coordinadoradentitatspelteatrearnau.com\/index.php?rest_route=\/wp\/v2\/pages"}],"about":[{"href":"https:\/\/coordinadoradentitatspelteatrearnau.com\/index.php?rest_route=\/wp\/v2\/types\/page"}],"author":[{"embeddable":true,"href":"https:\/\/coordinadoradentitatspelteatrearnau.com\/index.php?rest_route=\/wp\/v2\/users\/1"}],"replies":[{"embeddable":true,"href":"https:\/\/coordinadoradentitatspelteatrearnau.com\/index.php?rest_route=%2Fwp%2Fv2%2Fcomments&post=1136"}],"version-history":[{"count":10,"href":"https:\/\/coordinadoradentitatspelteatrearnau.com\/index.php?rest_route=\/wp\/v2\/pages\/1136\/revisions"}],"predecessor-version":[{"id":1189,"href":"https:\/\/coordinadoradentitatspelteatrearnau.com\/index.php?rest_route=\/wp\/v2\/pages\/1136\/revisions\/1189"}],"up":[{"embeddable":true,"href":"https:\/\/coordinadoradentitatspelteatrearnau.com\/index.php?rest_route=\/wp\/v2\/pages\/9"}],"wp:attachment":[{"href":"https:\/\/coordinadoradentitatspelteatrearnau.com\/index.php?rest_route=%2Fwp%2Fv2%2Fmedia&parent=1136"}],"curies":[{"name":"wp","href":"https:\/\/api.w.org\/{rel}","templated":true}]}}