{"id":1138,"date":"2025-10-08T23:56:16","date_gmt":"2025-10-08T21:56:16","guid":{"rendered":"https:\/\/www.superproduccions.com\/coordinadoradentitatspelteatrearnau\/?page_id=1138"},"modified":"2026-01-30T13:41:07","modified_gmt":"2026-01-30T12:41:07","slug":"sobre-nosaltres-2","status":"publish","type":"page","link":"https:\/\/coordinadoradentitatspelteatrearnau.com\/?page_id=1138","title":{"rendered":"SOBRE NOSALTRES"},"content":{"rendered":"\t\t<div data-elementor-type=\"wp-post\" data-elementor-id=\"1138\" class=\"elementor elementor-1138\" data-elementor-post-type=\"page\">\n\t\t\t\t<div class=\"elementor-element elementor-element-6a21f72 e-flex e-con-boxed e-con e-parent\" data-id=\"6a21f72\" data-element_type=\"container\" data-e-type=\"container\">\n\t\t\t\t\t<div class=\"e-con-inner\">\n\t\t\t\t<div class=\"elementor-element elementor-element-7f0762c elementor-widget elementor-widget-heading\" data-id=\"7f0762c\" data-element_type=\"widget\" data-e-type=\"widget\" data-widget_type=\"heading.default\">\n\t\t\t\t<div class=\"elementor-widget-container\">\n\t\t\t\t\t<h3 class=\"elementor-heading-title elementor-size-default\">Cultura i gesti\u00f3 comunit\u00e0ria<\/h3>\t\t\t\t<\/div>\n\t\t\t\t<\/div>\n\t\t\t\t\t<\/div>\n\t\t\t\t<\/div>\n\t\t<div class=\"elementor-element elementor-element-4440884 e-flex e-con-boxed e-con e-parent\" data-id=\"4440884\" data-element_type=\"container\" data-e-type=\"container\">\n\t\t\t\t\t<div class=\"e-con-inner\">\n\t\t\t\t<div class=\"elementor-element elementor-element-a7f42ee elementor-widget elementor-widget-heading\" data-id=\"a7f42ee\" data-element_type=\"widget\" data-e-type=\"widget\" data-widget_type=\"heading.default\">\n\t\t\t\t<div class=\"elementor-widget-container\">\n\t\t\t\t\t<h1 class=\"elementor-heading-title elementor-size-default\">SOBRE NOSALTRES<\/h1>\t\t\t\t<\/div>\n\t\t\t\t<\/div>\n\t\t\t\t\t<\/div>\n\t\t\t\t<\/div>\n\t\t<div class=\"elementor-element elementor-element-7ab7689 e-flex e-con-boxed e-con e-parent\" data-id=\"7ab7689\" data-element_type=\"container\" data-e-type=\"container\">\n\t\t\t\t\t<div class=\"e-con-inner\">\n\t\t\t\t<div class=\"elementor-element elementor-element-61d5216 elementor-widget elementor-widget-heading\" data-id=\"61d5216\" data-element_type=\"widget\" data-e-type=\"widget\" data-widget_type=\"heading.default\">\n\t\t\t\t<div class=\"elementor-widget-container\">\n\t\t\t\t\t<h3 class=\"elementor-heading-title elementor-size-default\">Preguntes freq\u00fcents<\/h3>\t\t\t\t<\/div>\n\t\t\t\t<\/div>\n\t\t\t\t\t<\/div>\n\t\t\t\t<\/div>\n\t\t<div class=\"elementor-element elementor-element-4c917a5 e-flex e-con-boxed e-con e-parent\" data-id=\"4c917a5\" data-element_type=\"container\" data-e-type=\"container\">\n\t\t\t\t\t<div class=\"e-con-inner\">\n\t\t\t\t<div class=\"elementor-element elementor-element-8ede858 elementor-widget elementor-widget-text-editor\" data-id=\"8ede858\" data-element_type=\"widget\" data-e-type=\"widget\" data-widget_type=\"text-editor.default\">\n\t\t\t\t<div class=\"elementor-widget-container\">\n\t\t\t\t\t\t\t\t\t<h5 class=\"p1\"><span class=\"s1\"><b>1. Com funciona l&#8217;entitat?<\/b><\/span><\/h5><p class=\"p2\"><span class=\"s1\">L\u2019Arnau combina 3 formes de treball:<\/span><\/p><p class=\"p2\"><span class=\"s1\"><b>Un conjunt d\u2019espais de participaci\u00f3<\/b>, voluntaris i representatius dels tres eixos i dels tres barris del context del Teatre Arnau. Aquests s\u00f3n: <\/span><\/p><p class=\"p2\"><span class=\"s1\"><b>L\u2019Assemblea<\/b>. L\u2019<i>Arnau Itinerant <\/i>s\u2019organitza a partir d&#8217;una assemblea<b> <\/b>formada per diverses entitats, iniciatives i persones implicades en l\u2019equipament i vinculades als tres barris. L&#8217;assemblea \u00e9s l\u2019espai sobir\u00e0 de presa de decisions generals, d&#8217;informaci\u00f3 i de debat.<\/span><\/p><p class=\"p2\"><span class=\"s1\"><b>Espai de coordinaci\u00f3<\/b>. A partir del 2020 es crea tamb\u00e9 aquest lloc amb funci\u00f3 estrat\u00e8gica i de representaci\u00f3. Conformat rotativament per 3\/4 persones amb experi\u00e8ncia pr\u00e8via. A m\u00e9s, existeixen diverses comissions de treball, aut\u00f2nomes i validades per l&#8217;assemblea.<\/span><\/p><p class=\"p2\"><span class=\"s1\"><b>Les comissions i grups de treball<\/b>. Les comissions s\u00f3n espais permanents o amb un objectiu i nombre de sessions limitat on es treballen aspectes espec\u00edfics del projecte.<span class=\"Apple-converted-space\">\u00a0 <\/span>Ara mateix hi ha dues comissions actives: Cures i Seguiment d\u2019obres de l\u2019edifici i dos grups de treball: comunicaci\u00f3 i l\u2019espai de projectes, que \u00e9s el lloc on s\u2019acompanya<span class=\"Apple-converted-space\">\u00a0 <\/span>la programaci\u00f3 de cada any.<\/span><\/p>\t\t\t\t\t\t\t\t<\/div>\n\t\t\t\t<\/div>\n\t\t\t\t<div class=\"elementor-element elementor-element-b0e5f61 elementor-widget-divider--view-line elementor-widget elementor-widget-divider\" data-id=\"b0e5f61\" data-element_type=\"widget\" data-e-type=\"widget\" data-widget_type=\"divider.default\">\n\t\t\t\t<div class=\"elementor-widget-container\">\n\t\t\t\t\t\t\t<div class=\"elementor-divider\">\n\t\t\t<span class=\"elementor-divider-separator\">\n\t\t\t\t\t\t<\/span>\n\t\t<\/div>\n\t\t\t\t\t\t<\/div>\n\t\t\t\t<\/div>\n\t\t\t\t<div class=\"elementor-element elementor-element-eaa942c elementor-widget elementor-widget-text-editor\" data-id=\"eaa942c\" data-element_type=\"widget\" data-e-type=\"widget\" data-widget_type=\"text-editor.default\">\n\t\t\t\t<div class=\"elementor-widget-container\">\n\t\t\t\t\t\t\t\t\t<h5 class=\"p1\"><span class=\"s1\"><b>2. Com puc participar-hi i formar-ne part?<\/b><\/span><\/h5><p class=\"p1\"><span class=\"s1\">L&#8217;assemblea es convoca aproximadament un cop cada mes. \u00c9s un espai obert i din\u00e0mic on t\u00e9 cabuda tothom. Si ets una persona o una iniciativa\/entitat nova us recomanem contactar amb l\u2019Oficina T\u00e8cnica, ja que hi ha un protocol d\u2019acollida.<\/span><\/p><p class=\"p1\"><span class=\"s1\">A m\u00e9s de l&#8217;assemblea hi ha diverses comissions de treball que es formen cada any o es continuen de l\u2019etapa anterior. En cas de voler ser part d&#8217;una comissi\u00f3 cal comunicar-se pr\u00e8viament amb l\u2019OT perqu\u00e8 aquesta et passi el contacte amb de les integrants i aix\u00ed et posin al dia de la missi\u00f3 i les tasques de la comissi\u00f3.<\/span><\/p><p class=\"p1\"><span class=\"s1\">Mail oficina t\u00e8cnica: <a href=\"mailto:arnauitinerant@gmail.com\"><strong>arnauitinerant@gmail.com<\/strong><\/a>.<\/span><\/p>\t\t\t\t\t\t\t\t<\/div>\n\t\t\t\t<\/div>\n\t\t\t\t<div class=\"elementor-element elementor-element-eeef7a2 elementor-widget-divider--view-line elementor-widget elementor-widget-divider\" data-id=\"eeef7a2\" data-element_type=\"widget\" data-e-type=\"widget\" data-widget_type=\"divider.default\">\n\t\t\t\t<div class=\"elementor-widget-container\">\n\t\t\t\t\t\t\t<div class=\"elementor-divider\">\n\t\t\t<span class=\"elementor-divider-separator\">\n\t\t\t\t\t\t<\/span>\n\t\t<\/div>\n\t\t\t\t\t\t<\/div>\n\t\t\t\t<\/div>\n\t\t\t\t<div class=\"elementor-element elementor-element-bd66c51 elementor-widget elementor-widget-text-editor\" data-id=\"bd66c51\" data-element_type=\"widget\" data-e-type=\"widget\" data-widget_type=\"text-editor.default\">\n\t\t\t\t<div class=\"elementor-widget-container\">\n\t\t\t\t\t\t\t\t\t<h5 class=\"p1\"><span class=\"s1\"><b>3. Com va n\u00e9ixer?<\/b><\/span><\/h5><p class=\"p1\"><span class=\"s1\">Els or\u00edgens del Teatre Arnau es remunten a finals del segle XIX, a la conflu\u00e8ncia entre els carrers T\u00e0pies i Nou de la Rambla. Punt neur\u00e0lgic de l\u2019oci popular del Paral\u00b7lel, a l\u2019Arnau s\u2019han representat tots els g\u00e8neres teatrals i musicals, a m\u00e9s de ser durant un temps tamb\u00e9 una sala de cinema. L\u2019Arnau va ser el lloc on va debutar la Raquel Meller, i ha vist com es van donar a con\u00e8ixer artistes com Alady, La Ni\u00f1a de los Peines o La Bella Dorita. A escala patrimonial, l\u2019Arnau \u00e9s a m\u00e9s l\u2019\u00faltim teatre de barraca de Barcelona i de tota Catalunya.<\/span><\/p><p class=\"p1\"><span class=\"s1\">L\u2019antic Arnau va tancar les seves portes de forma definitiva l&#8217;any 2000. En 2011 va ser adquirit per l\u2019Ajuntament de Barcelona. Dues plataformes ve\u00efnals, Recuperem l\u2019Arnau i Salvem l\u2019Arnau, van comen\u00e7ar un proc\u00e9s de reivindicaci\u00f3 que va aconseguir en el 2016, a trav\u00e9s d\u2019un proc\u00e9s participatiu i assembleari que va implicar a m\u00e9s de 50 entitats i col\u00b7lectius ve\u00efnals i del camp de les arts esc\u00e8niques diverses, que l\u2019emblem\u00e0tic edifici no fos enderrocat. El proc\u00e9s participatiu va definir el projecte cultural de l\u2019Arnau durant el 2016. A partir de 2017 es defineix la governan\u00e7a de l\u2019Arnau i els diversos espais de participaci\u00f3. Mentre l\u2019antic teatre de barraca es rehabilita, l\u2019<i>Arnau Itinerant <\/i>\u00e9s el nom que rep el programa cultural de l\u2019Arnau. El fet de no tenir seu \u00e9s una oportunitat, l\u2019<i>Arnau Itinerant<\/i> \u00e9s un teatre n\u00f2mada, arrelat als barris, que vol ser un laboratori per experimentar noves formes de gesti\u00f3 comunit\u00e0ria i de fer cultura des dels territoris mentre es fan les obres del futur equipament, fidel a l\u2019esperit del proc\u00e9s reivindicatiu que va aconseguir que no s&#8217;enderroqu\u00e9s.\u00a0<\/span><\/p>\t\t\t\t\t\t\t\t<\/div>\n\t\t\t\t<\/div>\n\t\t\t\t<div class=\"elementor-element elementor-element-d1c906d elementor-widget-divider--view-line elementor-widget elementor-widget-divider\" data-id=\"d1c906d\" data-element_type=\"widget\" data-e-type=\"widget\" data-widget_type=\"divider.default\">\n\t\t\t\t<div class=\"elementor-widget-container\">\n\t\t\t\t\t\t\t<div class=\"elementor-divider\">\n\t\t\t<span class=\"elementor-divider-separator\">\n\t\t\t\t\t\t<\/span>\n\t\t<\/div>\n\t\t\t\t\t\t<\/div>\n\t\t\t\t<\/div>\n\t\t\t\t<div class=\"elementor-element elementor-element-cfaaccc elementor-widget elementor-widget-text-editor\" data-id=\"cfaaccc\" data-element_type=\"widget\" data-e-type=\"widget\" data-widget_type=\"text-editor.default\">\n\t\t\t\t<div class=\"elementor-widget-container\">\n\t\t\t\t\t\t\t\t\t<h5 class=\"p1\"><span class=\"s1\"><b>4. Tothom pot participar-hi?<\/b><\/span><\/h5><p class=\"p1\"><span class=\"s1\">La coordinadora accepta persones individuals i entitats, aix\u00ed com plataformes o iniciatives informals. Sempre es pot participar amb una actitud propositiva i curosa, i amb un posicionament antiracista, feminista i de cures.<\/span><\/p>\t\t\t\t\t\t\t\t<\/div>\n\t\t\t\t<\/div>\n\t\t\t\t<div class=\"elementor-element elementor-element-8476051 elementor-widget-divider--view-line elementor-widget elementor-widget-divider\" data-id=\"8476051\" data-element_type=\"widget\" data-e-type=\"widget\" data-widget_type=\"divider.default\">\n\t\t\t\t<div class=\"elementor-widget-container\">\n\t\t\t\t\t\t\t<div class=\"elementor-divider\">\n\t\t\t<span class=\"elementor-divider-separator\">\n\t\t\t\t\t\t<\/span>\n\t\t<\/div>\n\t\t\t\t\t\t<\/div>\n\t\t\t\t<\/div>\n\t\t\t\t<div class=\"elementor-element elementor-element-6c09299 elementor-widget elementor-widget-text-editor\" data-id=\"6c09299\" data-element_type=\"widget\" data-e-type=\"widget\" data-widget_type=\"text-editor.default\">\n\t\t\t\t<div class=\"elementor-widget-container\">\n\t\t\t\t\t\t\t\t\t<h5 class=\"p1\"><span class=\"s1\"><b>5. Documents.\u00a0<\/b><\/span><\/h5><p>Materials de comunicaci\u00f3,\u00a0 reglaments interns, i transpar\u00e8ncia de l&#8217;Entitat. Clica per baixar els documents.<\/p><p><strong><a href=\"https:\/\/drive.google.com\/file\/d\/1-j9V_oYZdFyyV6XGzgn1PFjJh5lT9VLG\/view?usp=drive_link\">D\u00edptic temporada 2025-26<\/a><\/strong><\/p><p><strong><a href=\"https:\/\/drive.google.com\/file\/d\/19VXUUC0T7-33UwiNuXtMz9hlYEnZ8m4J\/view?usp=drive_link\">D\u00edptic temporada 2024-25<\/a><\/strong><\/p><p><strong><a href=\"https:\/\/drive.google.com\/file\/d\/1d9kmxxqp-OxgGdy-KQuXOP6UJ-psH_3S\/view?usp=drive_link\">D\u00edptic temporada 2023-24<\/a><\/strong><\/p><p><strong><a href=\"https:\/\/drive.google.com\/file\/d\/1BcuVvio5KMbPtCvPfE8wtbrE1xNQkbs8\/view?usp=drive_link\">Dades d\u2019impacte 2024-25<\/a><\/strong><\/p><p><strong><a href=\"https:\/\/drive.google.com\/file\/d\/159atvIbSWGMv1gVsdaEecNyqJEemnFS_\/view?usp=drive_link\">Impacte i p\u00fablics 2018 \u2013 24<\/a><\/strong><\/p><p><strong><a href=\"https:\/\/drive.google.com\/file\/d\/16zICDYS0C3Lc-lTExxWCPAD4XOl8K4Fj\/view?usp=drive_link\">Mem\u00f2ria 2024-25<\/a><\/strong><\/p><p><strong><a href=\"https:\/\/drive.google.com\/file\/d\/1C6D9eZtAF2UFnrJbDRR1LYoZMEPMXzS6\/view?usp=drive_link\">Mem\u00f2ria 2023-24<\/a><\/strong><\/p><p><strong><a href=\"https:\/\/www.barcelona.cat\/teatrearnau\/wp-content\/uploads\/2024\/10\/Dossier-Arnau-18-24.pdf\">Dossier Arnau 2018 \u2013 24<\/a><\/strong><\/p><p><strong><a href=\"https:\/\/drive.google.com\/file\/d\/1bZkzENtOLZzFAnwaJSnYvrgx1aX5fBXh\/view?usp=drive_link\">Sociograma Teatre Arnau Itinerant 2024 \u2013 25<\/a><\/strong><\/p><p><strong><a href=\"https:\/\/drive.google.com\/file\/d\/1hQ1gLwXL4zQOZnxksAgXofidT3qO2xhJ\/view?usp=drive_link\">Balan\u00e7 comunitari 25<\/a><\/strong><\/p><p><strong><a href=\"https:\/\/drive.google.com\/file\/d\/1FwiRYqeg_55WKCP-3JfxVZyrK-0aTNOZ\/view?usp=drive_link\">Balan\u00e7 comunitari 23 <\/a><\/strong><\/p><p><strong><a href=\"https:\/\/drive.google.com\/file\/d\/1RFhdIGX4n3ecwOVIqDmFbptnqSRjaTFM\/view?usp=drive_link\">Balan\u00e7 comunitari 22<\/a><\/strong><\/p><p><strong><a href=\"https:\/\/drive.google.com\/file\/d\/1JgI2mM3UZBrrxbArZmwRgyXxG9Wm5cs9\/view?usp=drive_link\">Governan\u00e7a Teatre Arnau\u00a0<\/a><\/strong><\/p><p><strong><a href=\"http:\/\/Document d\u2019acollida a l\u2019Arnau Itinerant\" target=\"_blank\" rel=\"noopener\" data-wplink-url-error=\"true\">Document d\u2019acollida a l\u2019Arnau Itinerant<\/a><\/strong><\/p><p><strong><a href=\"https:\/\/drive.google.com\/file\/d\/1bQxBkzo2lrXGhhvUIy1P_0H2VdI_o-Hf\/view?usp=drive_link\">Pla Comunicaci\u00f3 Entitat i Teatre Arnau<\/a><\/strong><\/p><p><a href=\"https:\/\/drive.google.com\/file\/d\/1B1uw9sKvWaMfGjECB_SfQAaeLF4wi3SC\/view?usp=drive_link\"><strong>Pla d\u2019Igualtat\/ Plan de Igualdad<\/strong><\/a><\/p><p class=\"p1\"><span class=\"s1\">\u00b7<\/span><\/p>\t\t\t\t\t\t\t\t<\/div>\n\t\t\t\t<\/div>\n\t\t\t\t<div class=\"elementor-element elementor-element-b9ae286 elementor-widget elementor-widget-spacer\" data-id=\"b9ae286\" data-element_type=\"widget\" data-e-type=\"widget\" data-widget_type=\"spacer.default\">\n\t\t\t\t<div class=\"elementor-widget-container\">\n\t\t\t\t\t\t\t<div class=\"elementor-spacer\">\n\t\t\t<div class=\"elementor-spacer-inner\"><\/div>\n\t\t<\/div>\n\t\t\t\t\t\t<\/div>\n\t\t\t\t<\/div>\n\t\t\t\t\t<\/div>\n\t\t\t\t<\/div>\n\t\t<div class=\"elementor-element elementor-element-d01e557 e-flex e-con-boxed e-con e-parent\" data-id=\"d01e557\" data-element_type=\"container\" data-e-type=\"container\" data-settings=\"{&quot;background_background&quot;:&quot;classic&quot;}\">\n\t\t\t\t\t<div class=\"e-con-inner\">\n\t\t\t\t<div class=\"elementor-element elementor-element-84cfcbd elementor-widget elementor-widget-heading\" data-id=\"84cfcbd\" data-element_type=\"widget\" data-e-type=\"widget\" data-widget_type=\"heading.default\">\n\t\t\t\t<div class=\"elementor-widget-container\">\n\t\t\t\t\t<h3 class=\"elementor-heading-title elementor-size-default\">Col.laborem i fem xarxa<\/h3>\t\t\t\t<\/div>\n\t\t\t\t<\/div>\n\t\t\t\t\t<\/div>\n\t\t\t\t<\/div>\n\t\t<div class=\"elementor-element elementor-element-f642ffd e-flex e-con-boxed e-con e-parent\" data-id=\"f642ffd\" data-element_type=\"container\" data-e-type=\"container\" data-settings=\"{&quot;background_background&quot;:&quot;classic&quot;}\">\n\t\t\t\t\t<div class=\"e-con-inner\">\n\t\t\t\t<div class=\"elementor-element elementor-element-7b8f258 elementor-widget elementor-widget-spacer\" data-id=\"7b8f258\" data-element_type=\"widget\" data-e-type=\"widget\" data-widget_type=\"spacer.default\">\n\t\t\t\t<div class=\"elementor-widget-container\">\n\t\t\t\t\t\t\t<div class=\"elementor-spacer\">\n\t\t\t<div class=\"elementor-spacer-inner\"><\/div>\n\t\t<\/div>\n\t\t\t\t\t\t<\/div>\n\t\t\t\t<\/div>\n\t\t\t\t<div class=\"elementor-element elementor-element-4cb91d9 elementor-widget elementor-widget-image\" data-id=\"4cb91d9\" data-element_type=\"widget\" data-e-type=\"widget\" data-widget_type=\"image.default\">\n\t\t\t\t<div class=\"elementor-widget-container\">\n\t\t\t\t\t\t\t\t\t\t\t\t\t\t\t<img fetchpriority=\"high\" decoding=\"async\" width=\"1768\" height=\"136\" src=\"https:\/\/coordinadoradentitatspelteatrearnau.com\/wp-content\/uploads\/2025\/08\/Logos.jpg\" class=\"attachment-full size-full wp-image-1104\" alt=\"\" srcset=\"https:\/\/coordinadoradentitatspelteatrearnau.com\/wp-content\/uploads\/2025\/08\/Logos.jpg 1768w, https:\/\/coordinadoradentitatspelteatrearnau.com\/wp-content\/uploads\/2025\/08\/Logos-300x23.jpg 300w, https:\/\/coordinadoradentitatspelteatrearnau.com\/wp-content\/uploads\/2025\/08\/Logos-1024x79.jpg 1024w, https:\/\/coordinadoradentitatspelteatrearnau.com\/wp-content\/uploads\/2025\/08\/Logos-768x59.jpg 768w, https:\/\/coordinadoradentitatspelteatrearnau.com\/wp-content\/uploads\/2025\/08\/Logos-1536x118.jpg 1536w\" sizes=\"(max-width: 1768px) 100vw, 1768px\" \/>\t\t\t\t\t\t\t\t\t\t\t\t\t\t\t<\/div>\n\t\t\t\t<\/div>\n\t\t\t\t<div class=\"elementor-element elementor-element-ed143dc elementor-widget elementor-widget-spacer\" data-id=\"ed143dc\" data-element_type=\"widget\" data-e-type=\"widget\" data-widget_type=\"spacer.default\">\n\t\t\t\t<div class=\"elementor-widget-container\">\n\t\t\t\t\t\t\t<div class=\"elementor-spacer\">\n\t\t\t<div class=\"elementor-spacer-inner\"><\/div>\n\t\t<\/div>\n\t\t\t\t\t\t<\/div>\n\t\t\t\t<\/div>\n\t\t\t\t\t<\/div>\n\t\t\t\t<\/div>\n\t\t<div class=\"elementor-element elementor-element-f4954e8 e-flex e-con-boxed e-con e-parent\" data-id=\"f4954e8\" data-element_type=\"container\" data-e-type=\"container\">\n\t\t\t\t\t<div class=\"e-con-inner\">\n\t\t\t\t<div class=\"elementor-element elementor-element-7db6e6c elementor-widget elementor-widget-heading\" data-id=\"7db6e6c\" data-element_type=\"widget\" data-e-type=\"widget\" data-widget_type=\"heading.default\">\n\t\t\t\t<div class=\"elementor-widget-container\">\n\t\t\t\t\t<h3 class=\"elementor-heading-title elementor-size-default\">UNEIX-TE\n<\/h3>\t\t\t\t<\/div>\n\t\t\t\t<\/div>\n\t\t\t\t<div class=\"elementor-element elementor-element-7de3672 elementor-widget elementor-widget-text-editor\" data-id=\"7de3672\" data-element_type=\"widget\" data-e-type=\"widget\" data-widget_type=\"text-editor.default\">\n\t\t\t\t<div class=\"elementor-widget-container\">\n\t\t\t\t\t\t\t\t\t<p>Si vols ser part, contacta amb nosaltres, vine a les assemblees o espais de treball, i participa en les nostres activitats.<\/p>\t\t\t\t\t\t\t\t<\/div>\n\t\t\t\t<\/div>\n\t\t\t\t\t<\/div>\n\t\t\t\t<\/div>\n\t\t<div class=\"elementor-element elementor-element-5708706 e-flex e-con-boxed e-con e-parent\" data-id=\"5708706\" data-element_type=\"container\" data-e-type=\"container\" data-settings=\"{&quot;background_background&quot;:&quot;classic&quot;}\">\n\t\t\t\t\t<div class=\"e-con-inner\">\n\t\t<div class=\"elementor-element elementor-element-2b2e22a e-con-full e-flex e-con e-child\" data-id=\"2b2e22a\" data-element_type=\"container\" data-e-type=\"container\">\n\t\t\t\t<div class=\"elementor-element elementor-element-70134b7 elementor-widget elementor-widget-text-editor\" data-id=\"70134b7\" data-element_type=\"widget\" data-e-type=\"widget\" data-widget_type=\"text-editor.default\">\n\t\t\t\t<div class=\"elementor-widget-container\">\n\t\t\t\t\t\t\t\t\t<p>contacte: <a href=\"mailto:arnauitinerant@gmail.com\">arnauitinerant@gmail.com<\/a><\/p>\t\t\t\t\t\t\t\t<\/div>\n\t\t\t\t<\/div>\n\t\t\t\t<\/div>\n\t\t<div class=\"elementor-element elementor-element-faedd10 e-con-full e-flex e-con e-child\" data-id=\"faedd10\" data-element_type=\"container\" data-e-type=\"container\">\n\t\t\t\t<div class=\"elementor-element elementor-element-9622ee3 elementor-shape-circle e-grid-align-left elementor-grid-0 elementor-widget elementor-widget-social-icons\" data-id=\"9622ee3\" data-element_type=\"widget\" data-e-type=\"widget\" data-widget_type=\"social-icons.default\">\n\t\t\t\t<div class=\"elementor-widget-container\">\n\t\t\t\t\t\t\t<div class=\"elementor-social-icons-wrapper elementor-grid\" role=\"list\">\n\t\t\t\t\t\t\t<span class=\"elementor-grid-item\" role=\"listitem\">\n\t\t\t\t\t<a class=\"elementor-icon elementor-social-icon elementor-social-icon-envelope elementor-repeater-item-cf0c9ac\" href=\"mailto:arnauitinerant@gmail.com\" target=\"_blank\">\n\t\t\t\t\t\t<span class=\"elementor-screen-only\">Envelope<\/span>\n\t\t\t\t\t\t<i aria-hidden=\"true\" class=\"fas fa-envelope\"><\/i>\t\t\t\t\t<\/a>\n\t\t\t\t<\/span>\n\t\t\t\t\t\t\t<span class=\"elementor-grid-item\" role=\"listitem\">\n\t\t\t\t\t<a class=\"elementor-icon elementor-social-icon elementor-social-icon-instagram elementor-repeater-item-de2a534\" href=\"https:\/\/www.instagram.com\/teatrearnauitinerant_coordi\/\" target=\"_blank\">\n\t\t\t\t\t\t<span class=\"elementor-screen-only\">Instagram<\/span>\n\t\t\t\t\t\t<i aria-hidden=\"true\" class=\"fab fa-instagram\"><\/i>\t\t\t\t\t<\/a>\n\t\t\t\t<\/span>\n\t\t\t\t\t\t\t<span class=\"elementor-grid-item\" role=\"listitem\">\n\t\t\t\t\t<a class=\"elementor-icon elementor-social-icon elementor-social-icon-facebook elementor-repeater-item-eaede2b\" href=\"https:\/\/www.facebook.com\/ArnauItinerant\" target=\"_blank\">\n\t\t\t\t\t\t<span class=\"elementor-screen-only\">Facebook<\/span>\n\t\t\t\t\t\t<i aria-hidden=\"true\" class=\"fab fa-facebook\"><\/i>\t\t\t\t\t<\/a>\n\t\t\t\t<\/span>\n\t\t\t\t\t\t\t<span class=\"elementor-grid-item\" role=\"listitem\">\n\t\t\t\t\t<a class=\"elementor-icon elementor-social-icon elementor-social-icon-youtube elementor-repeater-item-f656b38\" href=\"https:\/\/www.youtube.com\/@arnauitinerant4290\" target=\"_blank\">\n\t\t\t\t\t\t<span class=\"elementor-screen-only\">Youtube<\/span>\n\t\t\t\t\t\t<i aria-hidden=\"true\" class=\"fab fa-youtube\"><\/i>\t\t\t\t\t<\/a>\n\t\t\t\t<\/span>\n\t\t\t\t\t\t\t<span class=\"elementor-grid-item\" role=\"listitem\">\n\t\t\t\t\t<a class=\"elementor-icon elementor-social-icon elementor-social-icon-mastodon elementor-repeater-item-38ea242\" href=\"https:\/\/social.barcelona\/@ArnauItinerant\" target=\"_blank\">\n\t\t\t\t\t\t<span class=\"elementor-screen-only\">Mastodon<\/span>\n\t\t\t\t\t\t<i aria-hidden=\"true\" class=\"fab fa-mastodon\"><\/i>\t\t\t\t\t<\/a>\n\t\t\t\t<\/span>\n\t\t\t\t\t<\/div>\n\t\t\t\t\t\t<\/div>\n\t\t\t\t<\/div>\n\t\t\t\t<\/div>\n\t\t\t\t\t<\/div>\n\t\t\t\t<\/div>\n\t\t\t\t<\/div>\n\t\t","protected":false},"excerpt":{"rendered":"<p>Cultura i gesti\u00f3 comunit\u00e0ria SOBRE NOSALTRES Preguntes freq\u00fcents 1. Com funciona l&#8217;entitat? L\u2019Arnau combina 3 formes de treball: Un conjunt d\u2019espais de participaci\u00f3, voluntaris i representatius dels tres eixos i dels tres barris del context del Teatre Arnau. Aquests s\u00f3n: L\u2019Assemblea. L\u2019Arnau Itinerant s\u2019organitza a partir d&#8217;una assemblea formada per diverses entitats, iniciatives i persones [&hellip;]<\/p>\n","protected":false},"author":1,"featured_media":0,"parent":9,"menu_order":0,"comment_status":"closed","ping_status":"closed","template":"elementor_header_footer","meta":{"footnotes":""},"class_list":["post-1138","page","type-page","status-publish","hentry"],"_links":{"self":[{"href":"https:\/\/coordinadoradentitatspelteatrearnau.com\/index.php?rest_route=\/wp\/v2\/pages\/1138","targetHints":{"allow":["GET"]}}],"collection":[{"href":"https:\/\/coordinadoradentitatspelteatrearnau.com\/index.php?rest_route=\/wp\/v2\/pages"}],"about":[{"href":"https:\/\/coordinadoradentitatspelteatrearnau.com\/index.php?rest_route=\/wp\/v2\/types\/page"}],"author":[{"embeddable":true,"href":"https:\/\/coordinadoradentitatspelteatrearnau.com\/index.php?rest_route=\/wp\/v2\/users\/1"}],"replies":[{"embeddable":true,"href":"https:\/\/coordinadoradentitatspelteatrearnau.com\/index.php?rest_route=%2Fwp%2Fv2%2Fcomments&post=1138"}],"version-history":[{"count":31,"href":"https:\/\/coordinadoradentitatspelteatrearnau.com\/index.php?rest_route=\/wp\/v2\/pages\/1138\/revisions"}],"predecessor-version":[{"id":1436,"href":"https:\/\/coordinadoradentitatspelteatrearnau.com\/index.php?rest_route=\/wp\/v2\/pages\/1138\/revisions\/1436"}],"up":[{"embeddable":true,"href":"https:\/\/coordinadoradentitatspelteatrearnau.com\/index.php?rest_route=\/wp\/v2\/pages\/9"}],"wp:attachment":[{"href":"https:\/\/coordinadoradentitatspelteatrearnau.com\/index.php?rest_route=%2Fwp%2Fv2%2Fmedia&parent=1138"}],"curies":[{"name":"wp","href":"https:\/\/api.w.org\/{rel}","templated":true}]}}